{"id":7159,"date":"2025-09-17T14:18:10","date_gmt":"2025-09-17T14:18:10","guid":{"rendered":"https:\/\/lavanguardiadecuenca.es\/?page_id=7159"},"modified":"2025-10-10T07:24:22","modified_gmt":"2025-10-10T07:24:22","slug":"biografia","status":"publish","type":"page","link":"https:\/\/lavanguardiadecuenca.es\/?page_id=7159","title":{"rendered":"BIOGRAF\u00cdA"},"content":{"rendered":"\n<p><strong>Juan Andr\u00e9s Buedo Garc\u00eda<\/strong>&nbsp;es un escritor, soci\u00f3logo y polit\u00f3logo nacido en La Parra de las Vegas (Cuenca) el 5 de mayo de 1951. Combina una trayectoria de funcionario y acad\u00e9mico con una producci\u00f3n ensay\u00edstica y period\u00edstica centrada en la realidad social y pol\u00edtica de Cuenca y su entorno. Su obra abarca desde estudios t\u00e9cnicos sobre pol\u00edticas sociales hasta art\u00edculos de opini\u00f3n y narrativa regional; mantiene una presencia activa en medios locales aun despu\u00e9s de su jubilaci\u00f3n, convirti\u00e9ndose en una voz persistente en los debates sobre el futuro de la provincia.<\/p>\n\n\n\n<p>Es <strong>Maestro de Ense\u00f1anza Primaria<\/strong>, licenciado en <strong>Filosof\u00eda y Letras<\/strong> y doctor en <strong>Ciencias Pol\u00edticas y Sociolog\u00eda<\/strong>; su tesis doctoral fue titulada <em>\u201cHistoria de la beneficencia y de las formas de previsi\u00f3n social voluntaria en L\u00e9rida\u201d<\/em> (1983), presentada ante la Universidad Complutense de Madrid en junio de 1981, obteniendo la calificaci\u00f3n de Sobresaliente \u201ccum laude\u201d.<\/p>\n\n\n\n<p><strong>Trayectoria profesional<\/strong><\/p>\n\n\n\n<p>Se jubil\u00f3 en <strong>2015<\/strong>,\u00a0 aunque sigue colaborando como consultor pol\u00edtico, investigador social y articulista en medios regionales y nacionales.\u00a0<\/p>\n\n\n\n<p><strong>Funcionario p\u00fablico<\/strong> desde 1975, perteneci\u00f3 al <strong>Cuerpo Superior de T\u00e9cnicos de la Administraci\u00f3n de la Seguridad Social<\/strong>; y al <strong>Cuerpo Superior de la Junta de Comunidades de Castilla-La Mancha<\/strong>, llegando a ocupar puestos de responsabilidad ligados a atenci\u00f3n a personas con discapacidad.\u00a0<\/p>\n\n\n\n<p>Esta labor profesional la compatibiliz\u00f3 con la de profesor de la Universidad de Castilla-La Mancha, profesor invitado de varias Universidades espa\u00f1olas (Carlos III de Madrid, Alcal\u00e1 de Henares, Extremadura, Murcia y Granada) y profesor-tutor de la UNED, donde fue Coordinador de varias \u00e1reas en el Centro Asociado de Cuenca durante 32 a\u00f1os<\/p>\n\n\n\n<p>Particip\u00f3 en la pol\u00edtica local: fue concejal del <strong>CDS (Centro Democr\u00e1tico y Social)<\/strong> en el Ayuntamiento de Cuenca, durante la legislatura <strong>1987-1991<\/strong>.\u00a0<\/p>\n\n\n\n<p>Colaborador habitual de medios de prensa (por ejemplo <em>El D\u00eda de Cuenca<\/em> y luego <em>La Tribuna<\/em>).\u00a0<\/p>\n\n\n\n<p>En a\u00f1os posteriores particip\u00f3 en iniciativas de foro ciudadanas fuera de los partidos tradicionales, como el proyecto <em>\u201cCuenca siglo XXI\u201d<\/em> (fundado en 1998).<\/p>\n\n\n\n<p>Particip\u00f3 en la creaci\u00f3n del Colegio Oficial de Ciencias Pol\u00edticas y Sociolog\u00eda de Castilla-La Mancha, siendo miembro de la Junta de Gobierno e Interventor de esta Corporaci\u00f3n hasta 2008.<\/p>\n\n\n\n<p>Milit\u00f3 en UPYD desde su creaci\u00f3n hasta su disoluci\u00f3n, concurriendo como candidato de este partido en varios procesos electorales.<\/p>\n","protected":false},"excerpt":{"rendered":"<p>Juan Andr\u00e9s Buedo Garc\u00eda&nbsp;es un escritor, soci\u00f3logo y polit\u00f3logo nacido en La Parra de las Vegas (Cuenca) el 5 de mayo de 1951. Combina una trayectoria de funcionario y acad\u00e9mico con una producci\u00f3n ensay\u00edstica y period\u00edstica centrada en la realidad social y pol\u00edtica de Cuenca y su entorno. Su obra abarca desde estudios t\u00e9cnicos sobre&#8230;<\/p>\n","protected":false},"author":1,"featured_media":7185,"parent":0,"menu_order":0,"comment_status":"closed","ping_status":"closed","template":"","meta":{"rop_custom_images_group":[],"rop_custom_messages_group":[],"rop_publish_now":"initial","rop_publish_now_accounts":[],"rop_publish_now_history":[],"rop_publish_now_status":"pending","footnotes":""},"class_list":["post-7159","page","type-page","status-publish","has-post-thumbnail","hentry"],"yoast_head":"<!-- This site is optimized with the Yoast SEO plugin v27.4 - https:\/\/yoast.com\/product\/yoast-seo-wordpress\/ -->\n<title>BIOGRAF\u00cdA - La Vanguardia de Cuenca<\/title>\n<meta name=\"robots\" content=\"index, follow, max-snippet:-1, max-image-preview:large, max-video-preview:-1\" \/>\n<link rel=\"canonical\" href=\"https:\/\/lavanguardiadecuenca.es\/?page_id=7159\" \/>\n<meta property=\"og:locale\" content=\"es_ES\" \/>\n<meta property=\"og:type\" content=\"article\" \/>\n<meta property=\"og:title\" content=\"BIOGRAF\u00cdA - La Vanguardia de Cuenca\" \/>\n<meta property=\"og:description\" content=\"Juan Andr\u00e9s Buedo Garc\u00eda&nbsp;es un escritor, soci\u00f3logo y polit\u00f3logo nacido en La Parra de las Vegas (Cuenca) el 5 de mayo de 1951. Combina una trayectoria de funcionario y acad\u00e9mico con una producci\u00f3n ensay\u00edstica y period\u00edstica centrada en la realidad social y pol\u00edtica de Cuenca y su entorno. Su obra abarca desde estudios t\u00e9cnicos sobre...\" \/>\n<meta property=\"og:url\" content=\"https:\/\/lavanguardiadecuenca.es\/?page_id=7159\" \/>\n<meta property=\"og:site_name\" content=\"La Vanguardia de Cuenca\" \/>\n<meta property=\"article:modified_time\" content=\"2025-10-10T07:24:22+00:00\" \/>\n<meta property=\"og:image\" content=\"http:\/\/lavanguardiadecuenca.es\/wp-content\/uploads\/2025\/10\/Juan-Andres-Buedo-Foto.jpg\" \/>\n\t<meta property=\"og:image:width\" content=\"506\" \/>\n\t<meta property=\"og:image:height\" content=\"819\" \/>\n\t<meta property=\"og:image:type\" content=\"image\/jpeg\" \/>\n<meta name=\"twitter:card\" content=\"summary_large_image\" \/>\n<meta name=\"twitter:label1\" content=\"Tiempo de lectura\" \/>\n\t<meta name=\"twitter:data1\" content=\"2 minutos\" \/>\n<script type=\"application\/ld+json\" class=\"yoast-schema-graph\">{\"@context\":\"https:\\\/\\\/schema.org\",\"@graph\":[{\"@type\":\"WebPage\",\"@id\":\"https:\\\/\\\/lavanguardiadecuenca.es\\\/?page_id=7159\",\"url\":\"https:\\\/\\\/lavanguardiadecuenca.es\\\/?page_id=7159\",\"name\":\"BIOGRAF\u00cdA - La Vanguardia de Cuenca\",\"isPartOf\":{\"@id\":\"https:\\\/\\\/lavanguardiadecuenca.es\\\/#website\"},\"primaryImageOfPage\":{\"@id\":\"https:\\\/\\\/lavanguardiadecuenca.es\\\/?page_id=7159#primaryimage\"},\"image\":{\"@id\":\"https:\\\/\\\/lavanguardiadecuenca.es\\\/?page_id=7159#primaryimage\"},\"thumbnailUrl\":\"https:\\\/\\\/lavanguardiadecuenca.es\\\/wp-content\\\/uploads\\\/2025\\\/10\\\/Juan-Andres-Buedo-Foto.jpg\",\"datePublished\":\"2025-09-17T14:18:10+00:00\",\"dateModified\":\"2025-10-10T07:24:22+00:00\",\"breadcrumb\":{\"@id\":\"https:\\\/\\\/lavanguardiadecuenca.es\\\/?page_id=7159#breadcrumb\"},\"inLanguage\":\"es\",\"potentialAction\":[{\"@type\":\"ReadAction\",\"target\":[\"https:\\\/\\\/lavanguardiadecuenca.es\\\/?page_id=7159\"]}]},{\"@type\":\"ImageObject\",\"inLanguage\":\"es\",\"@id\":\"https:\\\/\\\/lavanguardiadecuenca.es\\\/?page_id=7159#primaryimage\",\"url\":\"https:\\\/\\\/lavanguardiadecuenca.es\\\/wp-content\\\/uploads\\\/2025\\\/10\\\/Juan-Andres-Buedo-Foto.jpg\",\"contentUrl\":\"https:\\\/\\\/lavanguardiadecuenca.es\\\/wp-content\\\/uploads\\\/2025\\\/10\\\/Juan-Andres-Buedo-Foto.jpg\",\"width\":506,\"height\":819},{\"@type\":\"BreadcrumbList\",\"@id\":\"https:\\\/\\\/lavanguardiadecuenca.es\\\/?page_id=7159#breadcrumb\",\"itemListElement\":[{\"@type\":\"ListItem\",\"position\":1,\"name\":\"Portada\",\"item\":\"https:\\\/\\\/lavanguardiadecuenca.es\\\/\"},{\"@type\":\"ListItem\",\"position\":2,\"name\":\"BIOGRAF\u00cdA\"}]},{\"@type\":\"WebSite\",\"@id\":\"https:\\\/\\\/lavanguardiadecuenca.es\\\/#website\",\"url\":\"https:\\\/\\\/lavanguardiadecuenca.es\\\/\",\"name\":\"La Vanguardia de Cuenca\",\"description\":\"Intereses: comunicaci\u00f3n y actualidad en general, weblogs, sociedad, pol\u00edtica\",\"publisher\":{\"@id\":\"https:\\\/\\\/lavanguardiadecuenca.es\\\/#\\\/schema\\\/person\\\/efd3b99fe10ec3fad96a88f3ae7d092f\"},\"potentialAction\":[{\"@type\":\"SearchAction\",\"target\":{\"@type\":\"EntryPoint\",\"urlTemplate\":\"https:\\\/\\\/lavanguardiadecuenca.es\\\/?s={search_term_string}\"},\"query-input\":{\"@type\":\"PropertyValueSpecification\",\"valueRequired\":true,\"valueName\":\"search_term_string\"}}],\"inLanguage\":\"es\"},{\"@type\":[\"Person\",\"Organization\"],\"@id\":\"https:\\\/\\\/lavanguardiadecuenca.es\\\/#\\\/schema\\\/person\\\/efd3b99fe10ec3fad96a88f3ae7d092f\",\"name\":\"Juan Andr\u00e9s Buedo\",\"image\":{\"@type\":\"ImageObject\",\"inLanguage\":\"es\",\"@id\":\"https:\\\/\\\/lavanguardiadecuenca.es\\\/wp-content\\\/uploads\\\/2025\\\/09\\\/6a00d8341c734753ef0278801a3634200d-250si.jpg\",\"url\":\"https:\\\/\\\/lavanguardiadecuenca.es\\\/wp-content\\\/uploads\\\/2025\\\/09\\\/6a00d8341c734753ef0278801a3634200d-250si.jpg\",\"contentUrl\":\"https:\\\/\\\/lavanguardiadecuenca.es\\\/wp-content\\\/uploads\\\/2025\\\/09\\\/6a00d8341c734753ef0278801a3634200d-250si.jpg\",\"width\":250,\"height\":250,\"caption\":\"Juan Andr\u00e9s Buedo\"},\"logo\":{\"@id\":\"https:\\\/\\\/lavanguardiadecuenca.es\\\/wp-content\\\/uploads\\\/2025\\\/09\\\/6a00d8341c734753ef0278801a3634200d-250si.jpg\"},\"sameAs\":[\"https:\\\/\\\/lavanguardiadecuenca.es\\\/\"]}]}<\/script>\n<!-- \/ Yoast SEO plugin. -->","yoast_head_json":{"title":"BIOGRAF\u00cdA - La Vanguardia de Cuenca","robots":{"index":"index","follow":"follow","max-snippet":"max-snippet:-1","max-image-preview":"max-image-preview:large","max-video-preview":"max-video-preview:-1"},"canonical":"https:\/\/lavanguardiadecuenca.es\/?page_id=7159","og_locale":"es_ES","og_type":"article","og_title":"BIOGRAF\u00cdA - La Vanguardia de Cuenca","og_description":"Juan Andr\u00e9s Buedo Garc\u00eda&nbsp;es un escritor, soci\u00f3logo y polit\u00f3logo nacido en La Parra de las Vegas (Cuenca) el 5 de mayo de 1951. Combina una trayectoria de funcionario y acad\u00e9mico con una producci\u00f3n ensay\u00edstica y period\u00edstica centrada en la realidad social y pol\u00edtica de Cuenca y su entorno. Su obra abarca desde estudios t\u00e9cnicos sobre...","og_url":"https:\/\/lavanguardiadecuenca.es\/?page_id=7159","og_site_name":"La Vanguardia de Cuenca","article_modified_time":"2025-10-10T07:24:22+00:00","og_image":[{"width":506,"height":819,"url":"http:\/\/lavanguardiadecuenca.es\/wp-content\/uploads\/2025\/10\/Juan-Andres-Buedo-Foto.jpg","type":"image\/jpeg"}],"twitter_card":"summary_large_image","twitter_misc":{"Tiempo de lectura":"2 minutos"},"schema":{"@context":"https:\/\/schema.org","@graph":[{"@type":"WebPage","@id":"https:\/\/lavanguardiadecuenca.es\/?page_id=7159","url":"https:\/\/lavanguardiadecuenca.es\/?page_id=7159","name":"BIOGRAF\u00cdA - La Vanguardia de Cuenca","isPartOf":{"@id":"https:\/\/lavanguardiadecuenca.es\/#website"},"primaryImageOfPage":{"@id":"https:\/\/lavanguardiadecuenca.es\/?page_id=7159#primaryimage"},"image":{"@id":"https:\/\/lavanguardiadecuenca.es\/?page_id=7159#primaryimage"},"thumbnailUrl":"https:\/\/lavanguardiadecuenca.es\/wp-content\/uploads\/2025\/10\/Juan-Andres-Buedo-Foto.jpg","datePublished":"2025-09-17T14:18:10+00:00","dateModified":"2025-10-10T07:24:22+00:00","breadcrumb":{"@id":"https:\/\/lavanguardiadecuenca.es\/?page_id=7159#breadcrumb"},"inLanguage":"es","potentialAction":[{"@type":"ReadAction","target":["https:\/\/lavanguardiadecuenca.es\/?page_id=7159"]}]},{"@type":"ImageObject","inLanguage":"es","@id":"https:\/\/lavanguardiadecuenca.es\/?page_id=7159#primaryimage","url":"https:\/\/lavanguardiadecuenca.es\/wp-content\/uploads\/2025\/10\/Juan-Andres-Buedo-Foto.jpg","contentUrl":"https:\/\/lavanguardiadecuenca.es\/wp-content\/uploads\/2025\/10\/Juan-Andres-Buedo-Foto.jpg","width":506,"height":819},{"@type":"BreadcrumbList","@id":"https:\/\/lavanguardiadecuenca.es\/?page_id=7159#breadcrumb","itemListElement":[{"@type":"ListItem","position":1,"name":"Portada","item":"https:\/\/lavanguardiadecuenca.es\/"},{"@type":"ListItem","position":2,"name":"BIOGRAF\u00cdA"}]},{"@type":"WebSite","@id":"https:\/\/lavanguardiadecuenca.es\/#website","url":"https:\/\/lavanguardiadecuenca.es\/","name":"La Vanguardia de Cuenca","description":"Intereses: comunicaci\u00f3n y actualidad en general, weblogs, sociedad, pol\u00edtica","publisher":{"@id":"https:\/\/lavanguardiadecuenca.es\/#\/schema\/person\/efd3b99fe10ec3fad96a88f3ae7d092f"},"potentialAction":[{"@type":"SearchAction","target":{"@type":"EntryPoint","urlTemplate":"https:\/\/lavanguardiadecuenca.es\/?s={search_term_string}"},"query-input":{"@type":"PropertyValueSpecification","valueRequired":true,"valueName":"search_term_string"}}],"inLanguage":"es"},{"@type":["Person","Organization"],"@id":"https:\/\/lavanguardiadecuenca.es\/#\/schema\/person\/efd3b99fe10ec3fad96a88f3ae7d092f","name":"Juan Andr\u00e9s Buedo","image":{"@type":"ImageObject","inLanguage":"es","@id":"https:\/\/lavanguardiadecuenca.es\/wp-content\/uploads\/2025\/09\/6a00d8341c734753ef0278801a3634200d-250si.jpg","url":"https:\/\/lavanguardiadecuenca.es\/wp-content\/uploads\/2025\/09\/6a00d8341c734753ef0278801a3634200d-250si.jpg","contentUrl":"https:\/\/lavanguardiadecuenca.es\/wp-content\/uploads\/2025\/09\/6a00d8341c734753ef0278801a3634200d-250si.jpg","width":250,"height":250,"caption":"Juan Andr\u00e9s Buedo"},"logo":{"@id":"https:\/\/lavanguardiadecuenca.es\/wp-content\/uploads\/2025\/09\/6a00d8341c734753ef0278801a3634200d-250si.jpg"},"sameAs":["https:\/\/lavanguardiadecuenca.es\/"]}]}},"_links":{"self":[{"href":"https:\/\/lavanguardiadecuenca.es\/index.php?rest_route=\/wp\/v2\/pages\/7159","targetHints":{"allow":["GET"]}}],"collection":[{"href":"https:\/\/lavanguardiadecuenca.es\/index.php?rest_route=\/wp\/v2\/pages"}],"about":[{"href":"https:\/\/lavanguardiadecuenca.es\/index.php?rest_route=\/wp\/v2\/types\/page"}],"author":[{"embeddable":true,"href":"https:\/\/lavanguardiadecuenca.es\/index.php?rest_route=\/wp\/v2\/users\/1"}],"replies":[{"embeddable":true,"href":"https:\/\/lavanguardiadecuenca.es\/index.php?rest_route=%2Fwp%2Fv2%2Fcomments&post=7159"}],"version-history":[{"count":2,"href":"https:\/\/lavanguardiadecuenca.es\/index.php?rest_route=\/wp\/v2\/pages\/7159\/revisions"}],"predecessor-version":[{"id":7187,"href":"https:\/\/lavanguardiadecuenca.es\/index.php?rest_route=\/wp\/v2\/pages\/7159\/revisions\/7187"}],"wp:featuredmedia":[{"embeddable":true,"href":"https:\/\/lavanguardiadecuenca.es\/index.php?rest_route=\/wp\/v2\/media\/7185"}],"wp:attachment":[{"href":"https:\/\/lavanguardiadecuenca.es\/index.php?rest_route=%2Fwp%2Fv2%2Fmedia&parent=7159"}],"curies":[{"name":"wp","href":"https:\/\/api.w.org\/{rel}","templated":true}]}}